{"id":1182,"date":"2021-12-13T10:57:32","date_gmt":"2021-12-13T10:57:32","guid":{"rendered":"http:\/\/galvonet.eu\/galvonet\/?page_id=1182"},"modified":"2023-02-01T09:11:52","modified_gmt":"2023-02-01T09:11:52","slug":"short-pulse-gruen","status":"publish","type":"page","link":"\/en\/laser\/ns-gruen\/short-pulse-gruen\/","title":{"rendered":"Short Pulse"},"content":{"rendered":"<div data-elementor-type=\"wp-page\" data-elementor-id=\"1182\" class=\"elementor elementor-1182\">\n\t\t\t\t\t\t<section class=\"elementor-section elementor-top-section elementor-element elementor-element-9448edb elementor-section-boxed elementor-section-height-default elementor-section-height-default\" data-id=\"9448edb\" data-element_type=\"section\" data-e-type=\"section\">\n\t\t\t\t\t\t<div class=\"elementor-container elementor-column-gap-default\">\n\t\t\t\t\t<div class=\"elementor-column elementor-col-100 elementor-top-column elementor-element elementor-element-f79b5e6\" data-id=\"f79b5e6\" data-element_type=\"column\" data-e-type=\"column\">\n\t\t\t<div class=\"elementor-widget-wrap elementor-element-populated\">\n\t\t\t\t\t\t<div class=\"elementor-element elementor-element-77c6fd8 elementor-widget elementor-widget-shortcode\" data-id=\"77c6fd8\" data-element_type=\"widget\" data-e-type=\"widget\" data-widget_type=\"shortcode.default\">\n\t\t\t\t<div class=\"elementor-widget-container\">\n\t\t\t\t\t\t\t<div class=\"elementor-shortcode\"><nav aria-label=\"breadcrumbs\" class=\"rank-math-breadcrumb\"><p><span class=\"last\">Home<\/span><\/p><\/nav><\/div>\n\t\t\t\t\t\t<\/div>\n\t\t\t\t<\/div>\n\t\t\t\t\t<\/div>\n\t\t<\/div>\n\t\t\t\t\t<\/div>\n\t\t<\/section>\n\t\t\t\t<section class=\"elementor-section elementor-top-section elementor-element elementor-element-f1b444e elementor-section-boxed elementor-section-height-default elementor-section-height-default\" data-id=\"f1b444e\" data-element_type=\"section\" data-e-type=\"section\">\n\t\t\t\t\t\t<div class=\"elementor-container elementor-column-gap-default\">\n\t\t\t\t\t<div class=\"elementor-column elementor-col-100 elementor-top-column elementor-element elementor-element-fa5fc2d\" data-id=\"fa5fc2d\" data-element_type=\"column\" data-e-type=\"column\">\n\t\t\t<div class=\"elementor-widget-wrap elementor-element-populated\">\n\t\t\t\t\t\t<section class=\"elementor-section elementor-inner-section elementor-element elementor-element-a1d3335 elementor-section-boxed elementor-section-height-default elementor-section-height-default\" data-id=\"a1d3335\" data-element_type=\"section\" data-e-type=\"section\">\n\t\t\t\t\t\t<div class=\"elementor-container elementor-column-gap-default\">\n\t\t\t\t\t<div class=\"elementor-column elementor-col-100 elementor-inner-column elementor-element elementor-element-3a2b0fe\" data-id=\"3a2b0fe\" data-element_type=\"column\" data-e-type=\"column\">\n\t\t\t<div class=\"elementor-widget-wrap elementor-element-populated\">\n\t\t\t\t\t\t<div class=\"elementor-element elementor-element-b6e137c elementor-widget elementor-widget-heading\" data-id=\"b6e137c\" data-element_type=\"widget\" data-e-type=\"widget\" data-widget_type=\"heading.default\">\n\t\t\t\t<div class=\"elementor-widget-container\">\n\t\t\t\t\t<h2 class=\"elementor-heading-title elementor-size-default\">Short Pulse (green)<\/h2>\t\t\t\t<\/div>\n\t\t\t\t<\/div>\n\t\t\t\t\t<\/div>\n\t\t<\/div>\n\t\t\t\t\t<\/div>\n\t\t<\/section>\n\t\t\t\t\t<\/div>\n\t\t<\/div>\n\t\t\t\t\t<\/div>\n\t\t<\/section>\n\t\t\t\t<section class=\"elementor-section elementor-top-section elementor-element elementor-element-ba643df elementor-section-boxed elementor-section-height-default elementor-section-height-default\" data-id=\"ba643df\" data-element_type=\"section\" data-e-type=\"section\">\n\t\t\t\t\t\t<div class=\"elementor-container elementor-column-gap-default\">\n\t\t\t\t\t<div class=\"elementor-column elementor-col-100 elementor-top-column elementor-element elementor-element-718b6f0\" data-id=\"718b6f0\" data-element_type=\"column\" data-e-type=\"column\">\n\t\t\t<div class=\"elementor-widget-wrap elementor-element-populated\">\n\t\t\t\t\t\t<section class=\"elementor-section elementor-inner-section elementor-element elementor-element-b777902 elementor-section-boxed elementor-section-height-default elementor-section-height-default\" data-id=\"b777902\" data-element_type=\"section\" data-e-type=\"section\">\n\t\t\t\t\t\t<div class=\"elementor-container elementor-column-gap-default\">\n\t\t\t\t\t<div class=\"elementor-column elementor-col-50 elementor-inner-column elementor-element elementor-element-cfd7ff9\" data-id=\"cfd7ff9\" data-element_type=\"column\" data-e-type=\"column\">\n\t\t\t<div class=\"elementor-widget-wrap elementor-element-populated\">\n\t\t\t\t\t\t<div class=\"elementor-element elementor-element-cc02e85 elementor-position-top elementor-widget elementor-widget-image-box\" data-id=\"cc02e85\" data-element_type=\"widget\" data-e-type=\"widget\" data-widget_type=\"image-box.default\">\n\t\t\t\t<div class=\"elementor-widget-container\">\n\t\t\t\t\t<div class=\"elementor-image-box-wrapper\"><figure class=\"elementor-image-box-img\"><a href=\"\/en\/laser\/ns-gruen\/short-pulse-gruen\/dx-gruen\/\" tabindex=\"-1\"><img fetchpriority=\"high\" decoding=\"async\" width=\"945\" height=\"709\" src=\"https:\/\/nexlase.com\/wp-content\/uploads\/2021\/12\/Standard_grun.jpg\" class=\"attachment-large size-large wp-image-1608\" alt=\"\" srcset=\"https:\/\/nexlase.com\/wp-content\/uploads\/2021\/12\/Standard_grun.jpg 945w, https:\/\/nexlase.com\/wp-content\/uploads\/2021\/12\/Standard_grun-300x225.jpg 300w, https:\/\/nexlase.com\/wp-content\/uploads\/2021\/12\/Standard_grun-768x576.jpg 768w, https:\/\/nexlase.com\/wp-content\/uploads\/2021\/12\/Standard_grun-380x285.jpg 380w, https:\/\/nexlase.com\/wp-content\/uploads\/2021\/12\/Standard_grun-285x214.jpg 285w\" sizes=\"(max-width: 945px) 100vw, 945px\" \/><\/a><\/figure><div class=\"elementor-image-box-content\"><h5 class=\"elementor-image-box-title\"><a href=\"\/en\/laser\/ns-gruen\/short-pulse-gruen\/dx-gruen\/\">DX-Series (air cooled)<\/a><\/h5><\/div><\/div>\t\t\t\t<\/div>\n\t\t\t\t<\/div>\n\t\t\t\t\t<\/div>\n\t\t<\/div>\n\t\t\t\t<div class=\"elementor-column elementor-col-50 elementor-inner-column elementor-element elementor-element-8bb86d1\" data-id=\"8bb86d1\" data-element_type=\"column\" data-e-type=\"column\">\n\t\t\t<div class=\"elementor-widget-wrap elementor-element-populated\">\n\t\t\t\t\t\t<div class=\"elementor-element elementor-element-191fe91 elementor-position-top elementor-widget elementor-widget-image-box\" data-id=\"191fe91\" data-element_type=\"widget\" data-e-type=\"widget\" data-widget_type=\"image-box.default\">\n\t\t\t\t<div class=\"elementor-widget-container\">\n\t\t\t\t\t<div class=\"elementor-image-box-wrapper\"><figure class=\"elementor-image-box-img\"><a href=\"\/en\/laser\/ns-gruen\/short-pulse-gruen\/dx-gruen-h2o\/\" tabindex=\"-1\"><img decoding=\"async\" width=\"945\" height=\"708\" src=\"https:\/\/nexlase.com\/wp-content\/uploads\/2023\/01\/DMX-DH_Photo01_082522-website-1.jpg\" class=\"attachment-large size-large wp-image-11180\" alt=\"\" srcset=\"https:\/\/nexlase.com\/wp-content\/uploads\/2023\/01\/DMX-DH_Photo01_082522-website-1.jpg 945w, https:\/\/nexlase.com\/wp-content\/uploads\/2023\/01\/DMX-DH_Photo01_082522-website-1-300x225.jpg 300w, https:\/\/nexlase.com\/wp-content\/uploads\/2023\/01\/DMX-DH_Photo01_082522-website-1-768x575.jpg 768w, https:\/\/nexlase.com\/wp-content\/uploads\/2023\/01\/DMX-DH_Photo01_082522-website-1-16x12.jpg 16w, https:\/\/nexlase.com\/wp-content\/uploads\/2023\/01\/DMX-DH_Photo01_082522-website-1-380x285.jpg 380w, https:\/\/nexlase.com\/wp-content\/uploads\/2023\/01\/DMX-DH_Photo01_082522-website-1-285x214.jpg 285w\" sizes=\"(max-width: 945px) 100vw, 945px\" \/><\/a><\/figure><div class=\"elementor-image-box-content\"><h5 class=\"elementor-image-box-title\"><a href=\"\/en\/laser\/ns-gruen\/short-pulse-gruen\/dx-gruen-h2o\/\">DX-Series (water cooled)<\/a><\/h5><\/div><\/div>\t\t\t\t<\/div>\n\t\t\t\t<\/div>\n\t\t\t\t\t<\/div>\n\t\t<\/div>\n\t\t\t\t\t<\/div>\n\t\t<\/section>\n\t\t\t\t\t<\/div>\n\t\t<\/div>\n\t\t\t\t\t<\/div>\n\t\t<\/section>\n\t\t\t\t<section class=\"elementor-section elementor-top-section elementor-element elementor-element-bedf154 elementor-section-boxed elementor-section-height-default elementor-section-height-default\" data-id=\"bedf154\" data-element_type=\"section\" data-e-type=\"section\">\n\t\t\t\t\t\t<div class=\"elementor-container elementor-column-gap-default\">\n\t\t\t\t\t<div class=\"elementor-column elementor-col-100 elementor-top-column elementor-element elementor-element-d98835a\" data-id=\"d98835a\" data-element_type=\"column\" data-e-type=\"column\">\n\t\t\t<div class=\"elementor-widget-wrap elementor-element-populated\">\n\t\t\t\t\t\t<div class=\"elementor-element elementor-element-b915b87 elementor-widget elementor-widget-spacer\" data-id=\"b915b87\" data-element_type=\"widget\" data-e-type=\"widget\" data-widget_type=\"spacer.default\">\n\t\t\t\t<div class=\"elementor-widget-container\">\n\t\t\t\t\t\t\t<div class=\"elementor-spacer\">\n\t\t\t<div class=\"elementor-spacer-inner\"><\/div>\n\t\t<\/div>\n\t\t\t\t\t\t<\/div>\n\t\t\t\t<\/div>\n\t\t\t\t\t<\/div>\n\t\t<\/div>\n\t\t\t\t\t<\/div>\n\t\t<\/section>\n\t\t\t\t<\/div>","protected":false},"excerpt":{"rendered":"<p>Short Pulse (Gr\u00fcn) DX-Baureihe (luftgek\u00fchlt) DX-Baureihe (wassergek\u00fchlt)<\/p>","protected":false},"author":1,"featured_media":0,"parent":682,"menu_order":0,"comment_status":"closed","ping_status":"closed","template":"","meta":{"_themeisle_gutenberg_block_has_review":false,"footnotes":""},"class_list":["post-1182","page","type-page","status-publish","hentry"],"_links":{"self":[{"href":"\/en\/wp-json\/wp\/v2\/pages\/1182","targetHints":{"allow":["GET"]}}],"collection":[{"href":"\/en\/wp-json\/wp\/v2\/pages"}],"about":[{"href":"\/en\/wp-json\/wp\/v2\/types\/page"}],"author":[{"embeddable":true,"href":"\/en\/wp-json\/wp\/v2\/users\/1"}],"replies":[{"embeddable":true,"href":"\/en\/wp-json\/wp\/v2\/comments?post=1182"}],"version-history":[{"count":10,"href":"\/en\/wp-json\/wp\/v2\/pages\/1182\/revisions"}],"predecessor-version":[{"id":11353,"href":"\/en\/wp-json\/wp\/v2\/pages\/1182\/revisions\/11353"}],"up":[{"embeddable":true,"href":"\/en\/wp-json\/wp\/v2\/pages\/682"}],"wp:attachment":[{"href":"\/en\/wp-json\/wp\/v2\/media?parent=1182"}],"curies":[{"name":"wp","href":"https:\/\/api.w.org\/{rel}","templated":true}]}}